{"id":4875,"date":"2024-08-06T16:51:22","date_gmt":"2024-08-06T14:51:22","guid":{"rendered":"https:\/\/www.dinardfestivaldufilm.fr\/?page_id=4875"},"modified":"2024-10-21T10:25:58","modified_gmt":"2024-10-21T08:25:58","slug":"4875-2","status":"publish","type":"page","link":"https:\/\/www.dinardfestivaldufilm.fr\/en\/4875-2\/","title":{"rendered":"Jury Prize &#8211; Golden Hitchcock Cin\u00e9+ OCS"},"content":{"rendered":"<div class=\"wp-block-image\">\n<figure class=\"aligncenter size-large is-resized\"><img loading=\"lazy\" decoding=\"async\" width=\"1024\" height=\"682\" src=\"https:\/\/www.dinardfestivaldufilm.fr\/wp-content\/uploads\/2024\/08\/GOLDEN-HITCHCOCK-DFFB-2023-1024x682.jpg\" alt=\"\" class=\"wp-image-5224\" style=\"width:464px;height:auto\" srcset=\"https:\/\/www.dinardfestivaldufilm.fr\/wp-content\/uploads\/2024\/08\/GOLDEN-HITCHCOCK-DFFB-2023-1024x682.jpg 1024w, https:\/\/www.dinardfestivaldufilm.fr\/wp-content\/uploads\/2024\/08\/GOLDEN-HITCHCOCK-DFFB-2023-300x200.jpg 300w, https:\/\/www.dinardfestivaldufilm.fr\/wp-content\/uploads\/2024\/08\/GOLDEN-HITCHCOCK-DFFB-2023-768x512.jpg 768w, https:\/\/www.dinardfestivaldufilm.fr\/wp-content\/uploads\/2024\/08\/GOLDEN-HITCHCOCK-DFFB-2023-1536x1024.jpg 1536w, https:\/\/www.dinardfestivaldufilm.fr\/wp-content\/uploads\/2024\/08\/GOLDEN-HITCHCOCK-DFFB-2023-150x100.jpg 150w, https:\/\/www.dinardfestivaldufilm.fr\/wp-content\/uploads\/2024\/08\/GOLDEN-HITCHCOCK-DFFB-2023-1400x933.jpg 1400w, https:\/\/www.dinardfestivaldufilm.fr\/wp-content\/uploads\/2024\/08\/GOLDEN-HITCHCOCK-DFFB-2023-798x532.jpg 798w, https:\/\/www.dinardfestivaldufilm.fr\/wp-content\/uploads\/2024\/08\/GOLDEN-HITCHCOCK-DFFB-2023-1596x1064.jpg 1596w, https:\/\/www.dinardfestivaldufilm.fr\/wp-content\/uploads\/2024\/08\/GOLDEN-HITCHCOCK-DFFB-2023.jpg 1772w\" sizes=\"auto, (max-width: 1024px) 100vw, 1024px\" \/><\/figure>\n<\/div>\n\n\n<p class=\"has-text-align-center has-custom-lineheight has-custom-letterspacing mb-0 pb-0 mt-0 pt-0\" style=\"line-height:2;letter-spacing:3px;font-size:50px\"><strong>Silver Haze<\/strong><\/p>\n\n\n\n<p class=\"has-text-align-center has-custom-lineheight has-custom-letterspacing mb-0 pb-0 mt-0 pt-0\" style=\"line-height:1.91;letter-spacing:3px;font-size:50px\">by Sasha Polak<\/p>\n\n\n\n<p><\/p>\n\n\n\n<p><\/p>\n\n\n\n<p><\/p>\n\n\n<div class=\"wp-block-image\">\n<figure class=\"alignleft size-large is-resized\"><img loading=\"lazy\" decoding=\"async\" width=\"683\" height=\"1024\" src=\"https:\/\/www.dinardfestivaldufilm.fr\/wp-content\/uploads\/2024\/08\/image0-683x1024.jpeg\" alt=\"\" class=\"wp-image-4879\" style=\"width:470px;height:auto\" srcset=\"https:\/\/www.dinardfestivaldufilm.fr\/wp-content\/uploads\/2024\/08\/image0-683x1024.jpeg 683w, https:\/\/www.dinardfestivaldufilm.fr\/wp-content\/uploads\/2024\/08\/image0-200x300.jpeg 200w, https:\/\/www.dinardfestivaldufilm.fr\/wp-content\/uploads\/2024\/08\/image0-768x1152.jpeg 768w, https:\/\/www.dinardfestivaldufilm.fr\/wp-content\/uploads\/2024\/08\/image0-1024x1536.jpeg 1024w, https:\/\/www.dinardfestivaldufilm.fr\/wp-content\/uploads\/2024\/08\/image0-1365x2048.jpeg 1365w, https:\/\/www.dinardfestivaldufilm.fr\/wp-content\/uploads\/2024\/08\/image0-150x225.jpeg 150w, https:\/\/www.dinardfestivaldufilm.fr\/wp-content\/uploads\/2024\/08\/image0-1900x2850.jpeg 1900w, https:\/\/www.dinardfestivaldufilm.fr\/wp-content\/uploads\/2024\/08\/image0-1960x2940.jpeg 1960w, https:\/\/www.dinardfestivaldufilm.fr\/wp-content\/uploads\/2024\/08\/image0-1400x2100.jpeg 1400w, https:\/\/www.dinardfestivaldufilm.fr\/wp-content\/uploads\/2024\/08\/image0-798x1197.jpeg 798w, https:\/\/www.dinardfestivaldufilm.fr\/wp-content\/uploads\/2024\/08\/image0-1596x2394.jpeg 1596w, https:\/\/www.dinardfestivaldufilm.fr\/wp-content\/uploads\/2024\/08\/image0-scaled.jpeg 1707w\" sizes=\"auto, (max-width: 683px) 100vw, 683px\" \/><\/figure>\n<\/div>\n\n\n<p class=\"has-oswald-font-family has-custom-font has-custom-letterspacing\" style=\"font-family:Oswald;letter-spacing:2px;font-size:34px\">R\u00e9sum\u00e9 \/ Summary<\/p>\n\n\n\n<p><\/p>\n\n\n\n<p class=\"has-oswald-font-family has-custom-font has-custom-lineheight has-custom-letterspacing\" style=\"font-family:Oswald;line-height:1.5;letter-spacing:1px;font-size:22px\">Franky, infirmi\u00e8re de 23 ans, vit avec sa famille nombreuse dans<br>l\u2019est de Londres. Quand elle \u00e9tait enfant, elle a v\u00e9cu un \u00e9v\u00e9nement<br>traumatisant qui l\u2019a laiss\u00e9e gravement br\u00fbl\u00e9e. Obs\u00e9d\u00e9e par l\u2019id\u00e9e de<br>trouver le coupable et sa soif de vengeance, elle est incapable de<br>nouer des relations s\u00e9rieuses. Jusqu\u2019\u00e0 ce qu\u2019elle tombe \u00e9perdument<br>amoureuse de Florence, l\u2019une de ses patientes. Ensemble, elles se<br>rendent sur la c\u00f4te o\u00f9 Florence vit avec sa famille h\u00e9t\u00e9roclite, plus<br>ouverte d&#8217;esprit. C&#8217;est l\u00e0 que Franky trouve le refuge affectif qui lui<br>permettra d&#8217;affronter les ranc\u0153urs du pass\u00e9.<\/p>\n\n\n\n<p><\/p>\n\n\n\n<p><\/p>\n\n\n\n<p class=\"has-oswald-font-family has-custom-font has-custom-lineheight has-custom-letterspacing\" style=\"font-family:Oswald;line-height:1.5;letter-spacing:1px;font-size:22px\">23-year-old Franky is a nurse who lives with her large family in East<br>London. Obsessed with a need to assign guilt and a thirst for revenge<br>for a traumatic childhood event that left her badly burnt, she is unable<br>to build any meaningful relationships until she falls deeply in love with<br>one of her patients \u2013 Florence. Together they escape to the coast where<br>Florence lives with her more open-minded patchwork family. There,<br>Franky finds the emotional shelter to deal with the grudges of the past<\/p>\n\n\n\n<p><\/p>\n\n\n\n<p><\/p>\n\n\n\n<p class=\"has-oswald-font-family has-custom-font has-custom-lineheight has-custom-letterspacing\" style=\"font-family:Oswald;line-height:1.7;letter-spacing:1.4px;font-size:21px\"><\/p>\n\n\n\n<p class=\"has-oswald-font-family has-custom-font has-custom-lineheight has-custom-letterspacing\" style=\"font-family:Oswald;line-height:1.7;letter-spacing:1.4px;font-size:21px\"><\/p>\n\n\n\n<p><\/p>\n\n\n\n<hr class=\"wp-block-coblocks-dynamic-separator is-style-line\" style=\"height:50px\"\/>\n\n\n\n<p><\/p>\n\n\n\n<p class=\"has-montserrat-font-family has-custom-font\" style=\"font-family:Montserrat;font-size:28px\"><strong>\u00ab It&#8217;s a unanimous choice ! \u00bb<\/strong> &#8211; Catherine Frot, President of the jury<\/p>\n\n\n\n<p><\/p>\n\n\n\n<p><\/p>\n\n\n\n<p><\/p>\n\n\n\n<hr class=\"wp-block-coblocks-dynamic-separator is-style-line\" style=\"height:50px\"\/>\n\n\n\n<div class=\"wp-block-media-text has-media-on-the-right is-stacked-on-mobile is-vertically-aligned-center\"><div class=\"wp-block-media-text__content\">\n<p class=\"has-text-align-left has-montserrat-font-family has-custom-font\" style=\"font-family:Montserrat;font-size:22px\">Sasha Polak (1982) is a Dutch director.<\/p>\n\n\n\n<p class=\"has-text-align-left has-montserrat-font-family has-custom-font\" style=\"font-family:Montserrat;font-size:22px\">After her film \u201cZurich\u201d, screened at the 65th Berlin Film Festival, and \u201cDirty God\u201d, which won her the Golden Calf award for best direction at the Netherlands Film Festival, Sasha Polak presents her third film, \u201cSilver Haze\u201d, for which she is also the screenwriter.<\/p>\n<\/div><figure class=\"wp-block-media-text__media\"><img loading=\"lazy\" decoding=\"async\" width=\"1000\" height=\"563\" src=\"https:\/\/www.dinardfestivaldufilm.fr\/wp-content\/uploads\/2024\/08\/Sasha_Polak-2.jpg\" alt=\"\" class=\"wp-image-4878 size-full\" srcset=\"https:\/\/www.dinardfestivaldufilm.fr\/wp-content\/uploads\/2024\/08\/Sasha_Polak-2.jpg 1000w, https:\/\/www.dinardfestivaldufilm.fr\/wp-content\/uploads\/2024\/08\/Sasha_Polak-2-300x169.jpg 300w, https:\/\/www.dinardfestivaldufilm.fr\/wp-content\/uploads\/2024\/08\/Sasha_Polak-2-768x432.jpg 768w, https:\/\/www.dinardfestivaldufilm.fr\/wp-content\/uploads\/2024\/08\/Sasha_Polak-2-150x84.jpg 150w, https:\/\/www.dinardfestivaldufilm.fr\/wp-content\/uploads\/2024\/08\/Sasha_Polak-2-798x449.jpg 798w\" sizes=\"auto, (max-width: 1000px) 100vw, 1000px\" \/><\/figure><\/div>\n\n\n\n<p><\/p>","protected":false},"excerpt":{"rendered":"<p>Silver Haze by Sasha Polak R\u00e9sum\u00e9 \/ Summary Franky, infirmi\u00e8re de 23 ans, vit avec sa famille nombreuse dansl\u2019est de Londres. Quand elle \u00e9tait enfant, elle a v\u00e9cu un \u00e9v\u00e9nementtraumatisant qui l\u2019a laiss\u00e9e gravement br\u00fbl\u00e9e. Obs\u00e9d\u00e9e par l\u2019id\u00e9e detrouver le coupable et sa soif de vengeance, elle est incapable denouer des relations s\u00e9rieuses. Jusqu\u2019\u00e0 ce [&hellip;]<\/p>\n","protected":false},"author":9,"featured_media":5103,"parent":0,"menu_order":0,"comment_status":"closed","ping_status":"closed","template":"","meta":{"page_wide_toggle":"","page_dark_toggle":"","_coblocks_attr":"Times New RomanHelveticaGeorgiaAnton,Arvo,Cormorant Garamond,Faustina,,Arial,,,Yrsa,Ubuntu,Rubik,PT Serif,Playfair Display,Asap,Noto Serif,Noto Sans,Merriweather,Lora,Open Sans,Times New Roman,Abril Fatface,Georgia,,Montserrat,Oswald","_coblocks_dimensions":"","_coblocks_responsive_height":"","_coblocks_accordion_ie_support":"","_waff_bg_color_metafield":"","hide_page_title":"","footnotes":""},"class_list":["post-4875","page","type-page","status-publish","has-post-thumbnail","hentry"],"_links":{"self":[{"href":"https:\/\/www.dinardfestivaldufilm.fr\/en\/wp-json\/wp\/v2\/pages\/4875","targetHints":{"allow":["GET"]}}],"collection":[{"href":"https:\/\/www.dinardfestivaldufilm.fr\/en\/wp-json\/wp\/v2\/pages"}],"about":[{"href":"https:\/\/www.dinardfestivaldufilm.fr\/en\/wp-json\/wp\/v2\/types\/page"}],"author":[{"embeddable":true,"href":"https:\/\/www.dinardfestivaldufilm.fr\/en\/wp-json\/wp\/v2\/users\/9"}],"replies":[{"embeddable":true,"href":"https:\/\/www.dinardfestivaldufilm.fr\/en\/wp-json\/wp\/v2\/comments?post=4875"}],"version-history":[{"count":22,"href":"https:\/\/www.dinardfestivaldufilm.fr\/en\/wp-json\/wp\/v2\/pages\/4875\/revisions"}],"predecessor-version":[{"id":5837,"href":"https:\/\/www.dinardfestivaldufilm.fr\/en\/wp-json\/wp\/v2\/pages\/4875\/revisions\/5837"}],"wp:featuredmedia":[{"embeddable":true,"href":"https:\/\/www.dinardfestivaldufilm.fr\/en\/wp-json\/wp\/v2\/media\/5103"}],"wp:attachment":[{"href":"https:\/\/www.dinardfestivaldufilm.fr\/en\/wp-json\/wp\/v2\/media?parent=4875"}],"curies":[{"name":"wp","href":"https:\/\/api.w.org\/{rel}","templated":true}]}}