{"id":3141,"date":"2022-09-07T14:20:36","date_gmt":"2022-09-07T12:20:36","guid":{"rendered":"https:\/\/www.dinardfestivaldufilm.fr\/?page_id=3141"},"modified":"2023-01-17T16:34:35","modified_gmt":"2023-01-17T15:34:35","slug":"masterclasses","status":"publish","type":"page","link":"https:\/\/www.dinardfestivaldufilm.fr\/en\/masterclasses\/","title":{"rendered":"Masterclasses"},"content":{"rendered":"<h4 class=\"wp-block-heading\">ACTORS &amp; ACTEURS: BECOMING AN ACTOR IN FRANCE AND ACROSS THE CHANNEL<\/h4>\n\n\n\n<p>With <strong>Elodie Delel\u00e9e<\/strong>, general administrator of the theatre school La Salle Blanche, the actor researcher\u2019s laboratory, <strong>Oriane Deschamps<\/strong>, actress and <strong>Paul-Henry D\u00e9chin<\/strong>, actor<\/p>\n\n\n\n<p>We are all fascinated by these uncommon beings that are the actors. On a theatre stage or on the big screen, whether they are French or British, why have they decided to follow this path and what is their training background ? What schools, what methods to learn their profession, what differences and common points between our two countries? Is there a typically French acting method and another so British one? How do these acteurs &amp; actors live together and perceive each other?<\/p>\n\n\n\n<h6 class=\"wp-block-heading\">Friday 30 September at 11 am &#8211; Le Petit Palais (Palais des Arts et du Festival)<\/h6>\n\n\n\n<hr class=\"wp-block-separator has-alpha-channel-opacity\"\/>\n\n\n\n<h4 class=\"wp-block-heading\">THE STAGES OF MAKING AN ANIMATED FILM<\/h4>\n\n\n\n<p>by <strong>Studio o2o<\/strong><\/p>\n\n\n\n<p>Created in Saint-Malo in 2015, o2o Studio has collaborated on many national and international projects: episode zero of Pandas dans la Brume, a series directed by Thierry Garance, the series Polo and Petit Ours Brun (Bayard Jeunesse Animation), Petit Poilu (Dupuis Audiovisuel), Henrietta (WunderWerk). In 2018, o2o Studio co-produced the feature film Bayala with Germany and Luxembourg. Today, they are working on the series Id\u00e9fix et les Irr\u00e9ductibles (\u00e9ditions Albert Ren\u00e9). o2o Studio is also developing several projects, including a transmedia project called Les Caboux-Tchoux, which will include a 2D series, an app and various multimedia publications.<\/p>\n\n\n\n<h6 class=\"wp-block-heading\">Wednesday 28 September at 10:30 am &#8211; <strong>Le Petit Palais (Palais des Arts et du Festival)<\/strong><\/h6>\n\n\n\n<div style=\"height:79px\" aria-hidden=\"true\" class=\"wp-block-spacer\"><\/div>\n\n\n\n<h2 class=\"wp-block-heading\">Screenings &gt; Masterclass<\/h2>\n\n\n\n<h4 class=\"wp-block-heading\"><a href=\"https:\/\/www.dinardfestivaldufilm.fr\/en\/film\/the-princess\/\">The Princess<\/a><\/h4>\n\n\n\n<p><\/p>\n\n\n\n<p>\u00abThe use of archive films in documentaries\u00bb by <strong>INA directors<\/strong><\/p>\n\n\n\n<p><\/p>\n\n\n\n<h6 class=\"wp-block-heading\">Thursday 29 September at 2 pm &#8211; Emeraude 2<\/h6>\n\n\n\n<hr class=\"wp-block-separator has-alpha-channel-opacity\"\/>\n\n\n\n<h4 class=\"wp-block-heading\"><a href=\"https:\/\/www.dinardfestivaldufilm.fr\/film\/culture-tribes-ina-programme\/\">Culture Tribes &#8211; INA Madelen<\/a><\/h4>\n\n\n\n<p>In the presence of <strong>INA representatives<\/strong><\/p>\n\n\n\n<h6 class=\"wp-block-heading\">Thursday 29 September at 2 pm &#8211; Emeraude 2<\/h6>\n\n\n\n<hr class=\"wp-block-separator has-alpha-channel-opacity\"\/>\n\n\n\n<h4 class=\"wp-block-heading\"><a href=\"https:\/\/www.dinardfestivaldufilm.fr\/en\/film\/the-gallery\/\">The Gallery<\/a><\/h4>\n\n\n\n<p>\u00abHow do you make an interactive film?\u00bb with director<strong> Paul Raschid<\/strong> and lead actor <strong>George Blagden<\/strong><\/p>\n\n\n\n<h6 class=\"wp-block-heading\">Thursday 29 September at 2 pm &#8211; Auditorium S. BOUTTET<\/h6>","protected":false},"excerpt":{"rendered":"<p>ACTORS &amp; ACTEURS: BECOMING AN ACTOR IN FRANCE AND ACROSS THE CHANNEL With Elodie Delel\u00e9e, general administrator of the theatre school La Salle Blanche, the actor researcher\u2019s laboratory, Oriane Deschamps, actress and Paul-Henry D\u00e9chin, actor We are all fascinated by these uncommon beings that are the actors. On a theatre stage or on the big [&hellip;]<\/p>\n","protected":false},"author":4,"featured_media":0,"parent":0,"menu_order":4,"comment_status":"closed","ping_status":"closed","template":"","meta":{"page_wide_toggle":"","page_dark_toggle":"","_coblocks_attr":"","_coblocks_dimensions":"","_coblocks_responsive_height":"","_coblocks_accordion_ie_support":"","_waff_bg_color_metafield":"","hide_page_title":"","footnotes":""},"class_list":["post-3141","page","type-page","status-publish","hentry"],"_links":{"self":[{"href":"https:\/\/www.dinardfestivaldufilm.fr\/en\/wp-json\/wp\/v2\/pages\/3141","targetHints":{"allow":["GET"]}}],"collection":[{"href":"https:\/\/www.dinardfestivaldufilm.fr\/en\/wp-json\/wp\/v2\/pages"}],"about":[{"href":"https:\/\/www.dinardfestivaldufilm.fr\/en\/wp-json\/wp\/v2\/types\/page"}],"author":[{"embeddable":true,"href":"https:\/\/www.dinardfestivaldufilm.fr\/en\/wp-json\/wp\/v2\/users\/4"}],"replies":[{"embeddable":true,"href":"https:\/\/www.dinardfestivaldufilm.fr\/en\/wp-json\/wp\/v2\/comments?post=3141"}],"version-history":[{"count":13,"href":"https:\/\/www.dinardfestivaldufilm.fr\/en\/wp-json\/wp\/v2\/pages\/3141\/revisions"}],"predecessor-version":[{"id":3610,"href":"https:\/\/www.dinardfestivaldufilm.fr\/en\/wp-json\/wp\/v2\/pages\/3141\/revisions\/3610"}],"wp:attachment":[{"href":"https:\/\/www.dinardfestivaldufilm.fr\/en\/wp-json\/wp\/v2\/media?parent=3141"}],"curies":[{"name":"wp","href":"https:\/\/api.w.org\/{rel}","templated":true}]}}