{"id":2614,"date":"2022-07-29T12:07:50","date_gmt":"2022-07-29T10:07:50","guid":{"rendered":"https:\/\/www.dinardfestivaldufilm.fr\/?page_id=2614"},"modified":"2022-07-29T12:15:01","modified_gmt":"2022-07-29T10:15:01","slug":"laffiche-de-la-33e-edition","status":"publish","type":"page","link":"https:\/\/www.dinardfestivaldufilm.fr\/en\/laffiche-de-la-33e-edition\/","title":{"rendered":"(Fran\u00e7ais) L&#8217;affiche de la 33\u00e8 \u00e9dition"},"content":{"rendered":"<p class=\"qtranxs-available-languages-message qtranxs-available-languages-message-en\">Sorry, this entry is only available in <a href=\"https:\/\/www.dinardfestivaldufilm.fr\/fr\/wp-json\/wp\/v2\/pages\/2614\" class=\"qtranxs-available-language-link qtranxs-available-language-link-fr\" title=\"Fran\u00e7ais\">Fran\u00e7ais<\/a>.<\/p>","protected":false},"excerpt":{"rendered":"<p>Sorry, this entry is only available in Fran\u00e7ais.<\/p>\n","protected":false},"author":2,"featured_media":0,"parent":0,"menu_order":7,"comment_status":"closed","ping_status":"closed","template":"","meta":{"page_wide_toggle":"","page_dark_toggle":"","_coblocks_attr":"","_coblocks_dimensions":"","_coblocks_responsive_height":"","_coblocks_accordion_ie_support":"","_waff_bg_color_metafield":"","hide_page_title":"","footnotes":""},"class_list":["post-2614","page","type-page","status-publish","hentry"],"_links":{"self":[{"href":"https:\/\/www.dinardfestivaldufilm.fr\/en\/wp-json\/wp\/v2\/pages\/2614","targetHints":{"allow":["GET"]}}],"collection":[{"href":"https:\/\/www.dinardfestivaldufilm.fr\/en\/wp-json\/wp\/v2\/pages"}],"about":[{"href":"https:\/\/www.dinardfestivaldufilm.fr\/en\/wp-json\/wp\/v2\/types\/page"}],"author":[{"embeddable":true,"href":"https:\/\/www.dinardfestivaldufilm.fr\/en\/wp-json\/wp\/v2\/users\/2"}],"replies":[{"embeddable":true,"href":"https:\/\/www.dinardfestivaldufilm.fr\/en\/wp-json\/wp\/v2\/comments?post=2614"}],"version-history":[{"count":3,"href":"https:\/\/www.dinardfestivaldufilm.fr\/en\/wp-json\/wp\/v2\/pages\/2614\/revisions"}],"predecessor-version":[{"id":2619,"href":"https:\/\/www.dinardfestivaldufilm.fr\/en\/wp-json\/wp\/v2\/pages\/2614\/revisions\/2619"}],"wp:attachment":[{"href":"https:\/\/www.dinardfestivaldufilm.fr\/en\/wp-json\/wp\/v2\/media?parent=2614"}],"curies":[{"name":"wp","href":"https:\/\/api.w.org\/{rel}","templated":true}]}}